{"id":2543,"date":"2024-09-10T08:29:06","date_gmt":"2024-09-10T08:29:06","guid":{"rendered":"https:\/\/neoviaq.brillant.lu\/condition-dutilisation\/"},"modified":"2025-04-15T09:19:37","modified_gmt":"2025-04-15T09:19:37","slug":"nutzungsbedingungen","status":"publish","type":"page","link":"https:\/\/neoviaq.com\/de\/impressum\/nutzungsbedingungen\/","title":{"rendered":"Nutzungsbedingungen"},"content":{"rendered":"<h2 class=\"p1\">Artikel 1: Gegenstand<\/h2>\n<p class=\"p1\">Zweck dieser Nutzungsbedingungen ist es, einen rechtlichen Rahmen f\u00fcr die Nutzung der Webseite durch den Nutzer zu schaffen. Vor der Nutzung der Webseite best\u00e4tigt der Nutzer, diese Nutzungsbedingungen gelesen und akzeptiert zu haben. Die Webseite wird durch die NEOVIAQ zur Verf\u00fcgung gestellt, um den Nutzer \u00fcber die verschiedenen Dienstleistungen und Aktivit\u00e4ten des NEOVIAQ-Netzwerkes zu informieren. Der Nutzer findet auf der Webseite alle n\u00fctzlichen Informationen \u00fcber das NEOVIAQ-Netzwerk und seine verschiedenen Unternehmen sowie andere informative Dokumente, die sich auf die durch das NEOVIAQ-Netzwerk angebotenen Dienstleistungen beziehen. NEOVIAQ haftet nicht f\u00fcr direkte oder indirekte Sch\u00e4den, die durch die Nutzung der auf der Webseite enthaltenen Informationen entstehen. Die auf der Webseite enthaltenen Informationen sind rein informativer Art und stellen keine fachliche Beratung dar. Die Nutzung der Informationen auf der Webseite entbinden den Nutzer daher nicht, pers\u00f6nliche, fachliche oder rechtliche Beratung in Anspruch zu nehmen.<\/p>\n<h2 class=\"p1\">Artikel 2: Begriffsbestimmungen<\/h2>\n<p class=\"p1\">Im Rahmen dieser Nutzungsbedingungen gelten die folgenden Definitionen:<\/p>\n<ul>\n<li class=\"p1\">Webseite: alle Webseiten mit einer URL, die mit \u201ehttps:\/\/www.NEOVIAQ.xx\u201c beginnt.<\/li>\n<li class=\"p1\">NEOVIAQ oder NEOVIAQ-Netzwerk: alle folgenden Unternehmen: NEOVIAQ FIDUCIARY, NEOVIAQ HR, NEOVIAQ ADVISORY, NEOVIAQ IP\/ICT.<\/li>\n<li class=\"p1\">Benutzer: jede nat\u00fcrliche Person, die die Webseite oder eine der durch die Webseite angebotenen Dienstleistungen nutzt.<\/li>\n<li class=\"p1\">Inhalt: Marken, Logos, Zeichen, Texte, Bilder, Fotos, Illustrationen, Audiodateien, Animationsdateien, Videodateien und alle anderen Inhalte und deren Anordnung.<\/li>\n<\/ul>\n<h2 class=\"p1\">Artikel 3: Zugang zu den auf der Webseite angebotenen Dienstleistungen<\/h2>\n<p class=\"p1\">Die Webseite bietet freien Zugang zu den folgenden Dienstleistungen:<\/p>\n<ul>\n<li class=\"p1\">Informationsartikel;<\/li>\n<li class=\"p1\">Kontaktaufnahme;<\/li>\n<li class=\"p1\">Zugang zu NEOVIAQ Stellenangeboten;<\/li>\n<li class=\"p1\">Ver\u00f6ffentlichung von NEOVIAQ Artikeln und Informationen in sozialen Netzwerken;<\/li>\n<li class=\"p1\">Zugang zum NEOVIAQ Newsletter und verschiedenen Informationen \u00fcber das NEOVIAQ- Netzwerk;<\/li>\n<li class=\"p1\">Die M\u00f6glichkeit, sich direkt an ein Mitglied des NEOVIAQ-Netzwerkes zu wenden.<\/li>\n<\/ul>\n<h2 class=\"p1\">Artikel 4: Verpflichtungen des Benutzers<\/h2>\n<p class=\"p1\">Der Zugang zu den von der Webseite angebotenen Dienstleistungen erfolgt \u00fcber das Internet. NEOVIAQ gew\u00e4hrleistet die beste Sicherheit des eigenen Computersystems. Der Nutzer erkl\u00e4rt, dass er die Risiken, die mit der Benutzung des Internets einhergehen, kennt und akzeptiert. Er muss sich angemessen gegen die Auswirkungen von Computerpiraterie sch\u00fctzen, indem er eine angemessene und sichere Konfiguration seines Computers und seines Browsers vornimmt. NEOVIAQ kann nicht f\u00fcr Sch\u00e4den haftbar gemacht werden, die dem Benutzer direkt oder indirekt im Zusammenhang mit der Nutzung der NEOVIAQ Webseite entstehen k\u00f6nnten.<\/p>\n<h2 class=\"p1\">Artikel 5: Geistiges Eigentum<\/h2>\n<p class=\"p1\">Sofern nicht anders angegeben, wird der Inhalt der Webseite von NEOVIAQ bereitgestellt. Die Webseite und ihr Inhalt sind urheberrechtlich, markenrechtlich und durch andere Rechte des geistigen Eigentums gesch\u00fctzt. Die Webseite enth\u00e4lt auch Bilder, die dem Urheberrecht Dritter unterliegen. NEOVIAQ gew\u00e4hrt keine Lizenz zur Nutzung der Inhalte auf der Webseite und beh\u00e4lt sich alle Rechte an den Inhalten vor. Der Benutzer ist verpflichtet, f\u00fcr jede Vervielf\u00e4ltigung, Ver\u00f6ffentlichung oder Kopie des Inhalts, die vorherige Genehmigung der NEOVIAQ Support AG einzuholen. Eine solche Genehmigung kann per E- Mail an ip@neoviaq.eu beantragt werden. Wenn der Benutzer jedoch von NEOVIAQ aufgefordert wird, Informationen auszutauschen, z.B. im Rahmen des Teilens von Informationen \u00fcber ein soziales Netzwerk, dann ist die Weitergabe dieser Informationen ausdr\u00fccklich von NEOVIAQ genehmigt. Schlie\u00dflich verpflichtet sich der Nutzer, die Inhalte der Webseite in einem streng privaten Rahmen zu nutzen. In jedem Fall ist die Nutzung der Inhalte f\u00fcr kommerzielle Zwecke strengstens untersagt.<\/p>\n<h2 class=\"p1\">Artikel 6: Haftungsausschluss<\/h2>\n<p class=\"p1\">Keine der Informationen, die auf der Webseite ver\u00f6ffentlicht oder von einem Mitglied des NEOVIAQ- Netzwerks als Antwort auf eine individuelle Anfrage zur Verf\u00fcgung gestellt werden, haben weder einen Anspruch auf Vollst\u00e4ndigkeit, noch gr\u00fcnden Sie eine Verpflichtung seitens der NEOVIAQ. Die Informationen werden nur zu Informationszwecken zur Verf\u00fcgung gestellt und sind allgemeiner Natur. Folglich sind die Informationen nicht an pers\u00f6nliche oder spezifische Umst\u00e4nde angepasst und k\u00f6nnen daher nicht als pers\u00f6nliche, professionelle oder rechtliche Beratung f\u00fcr den Benutzer betrachtet werden. Diese Webseite wurde mit gr\u00f6\u00dftm\u00f6glicher Sorgfalt zusammengestellt. Der verantwortliche Herausgeber und der Designer k\u00f6nnen jedoch nicht f\u00fcr die Fehlerfreiheit und Genauigkeit der enthaltenen Informationen garantieren. Sie lehnen jegliche Haftung f\u00fcr Sch\u00e4den ab, die direkt oder indirekt aus der Nutzung der Webseite entstehen k\u00f6nnen. Dar\u00fcber hinaus ist die NEOVIAQ nicht verantwortlich f\u00fcr den Inhalt externer Webseiten, auf die ein Link verweist.<\/p>\n<h2 class=\"p1\">Artikel 7: Anwendbares Recht und zust\u00e4ndige Gerichte<\/h2>\n<p class=\"p1\">Diese Nutzungsbedingungen unterliegen luxemburgischem Recht. In Ermangelung einer g\u00fctlichen Einigung zwischen dem Nutzer und der NEOVIAQ sind ausschlie\u00dflich die Gerichte am Gesellschaftssitz der NEOVIAQ zust\u00e4ndig. Der Gesellschaftssitz befindet sich:<br \/>\nGruuss-Strooss, 61<br \/>\nL-9991 Weiswampach<br \/>\nLuxemburg<\/p>\n<h2 class=\"p1\">Artikel 8: \u00c4nderung der Nutzungsbedingungen<\/h2>\n<p class=\"p1\">NEOVIAQ kann diese Nutzungsbedingungen \u00e4ndern, insbesondere aufgrund von Gesetzes\u00e4nderungen oder der Erbringung neuer Dienstleistungen. Um den Benutzer \u00fcber alle \u00c4nderungen dieser Nutzungsbedingungen auf dem Laufenden zu halten, wird NEOVIAQ das \u00c4nderungsdatum oben auf der Seite anpassen. Ab diesem \u00c4nderungsdatum gelten die neuen angepassten bzw. ge\u00e4nderten Nutzungsbedingungen. Daher empfiehlt NEOVIAQ dem Nutzer, diese Nutzungsbedingungen regelm\u00e4\u00dfig zu \u00fcberpr\u00fcfen, um \u00fcber alle \u00c4nderungen informiert zu bleiben. Um f\u00fcr den Nutzer so transparent wie m\u00f6glich zu sein, verpflichtet sich NEOVIAQ Support AG ebenfalls, alle wesentlichen \u00c4nderungen in Bezug auf diese Nutzungsbedingungen im Bereich &#8222;News&#8220; der Webseite aufzunehmen.<\/p>\n","protected":false},"excerpt":{"rendered":"<p>Artikel 1: Gegenstand Zweck dieser Nutzungsbedingungen ist es, einen rechtlichen Rahmen f\u00fcr die Nutzung der Webseite durch den Nutzer zu schaffen. Vor der Nutzung der Webseite best\u00e4tigt der Nutzer, diese Nutzungsbedingungen gelesen und akzeptiert zu haben. Die Webseite wird durch die NEOVIAQ zur Verf\u00fcgung gestellt, um den Nutzer \u00fcber die verschiedenen Dienstleistungen und Aktivit\u00e4ten des [&hellip;]<\/p>\n","protected":false},"author":4,"featured_media":0,"parent":2548,"menu_order":76,"comment_status":"closed","ping_status":"closed","template":"template-lois.php","meta":{"_acf_changed":false,"footnotes":""},"class_list":["post-2543","page","type-page","status-publish","hentry"],"acf":[],"yoast_head":"<!-- This site is optimized with the Yoast SEO plugin v27.1.1 - https:\/\/yoast.com\/product\/yoast-seo-wordpress\/ -->\n<title>Nutzungsbedingungen - Neoviaq<\/title>\n<meta name=\"robots\" content=\"noindex, nofollow\" \/>\n<meta property=\"og:locale\" content=\"de_DE\" \/>\n<meta property=\"og:type\" content=\"article\" \/>\n<meta property=\"og:title\" content=\"Nutzungsbedingungen - Neoviaq\" \/>\n<meta property=\"og:description\" content=\"Artikel 1: Gegenstand Zweck dieser Nutzungsbedingungen ist es, einen rechtlichen Rahmen f\u00fcr die Nutzung der Webseite durch den Nutzer zu schaffen. Vor der Nutzung der Webseite best\u00e4tigt der Nutzer, diese Nutzungsbedingungen gelesen und akzeptiert zu haben. Die Webseite wird durch die NEOVIAQ zur Verf\u00fcgung gestellt, um den Nutzer \u00fcber die verschiedenen Dienstleistungen und Aktivit\u00e4ten des [&hellip;]\" \/>\n<meta property=\"og:url\" content=\"https:\/\/neoviaq.com\/de\/impressum\/nutzungsbedingungen\/\" \/>\n<meta property=\"og:site_name\" content=\"Neoviaq\" \/>\n<meta property=\"article:publisher\" content=\"https:\/\/www.facebook.com\/people\/Neoviaq\/100064263154884\/#\" \/>\n<meta property=\"article:modified_time\" content=\"2025-04-15T09:19:37+00:00\" \/>\n<meta name=\"twitter:card\" content=\"summary_large_image\" \/>\n<meta name=\"twitter:label1\" content=\"Gesch\u00e4tzte Lesezeit\" \/>\n\t<meta name=\"twitter:data1\" content=\"5\u00a0Minuten\" \/>\n<script type=\"application\/ld+json\" class=\"yoast-schema-graph\">{\"@context\":\"https:\/\/schema.org\",\"@graph\":[{\"@type\":\"WebPage\",\"@id\":\"https:\/\/neoviaq.com\/de\/impressum\/nutzungsbedingungen\/\",\"url\":\"https:\/\/neoviaq.com\/de\/impressum\/nutzungsbedingungen\/\",\"name\":\"Nutzungsbedingungen - Neoviaq\",\"isPartOf\":{\"@id\":\"https:\/\/neoviaq.com\/de\/#website\"},\"datePublished\":\"2024-09-10T08:29:06+00:00\",\"dateModified\":\"2025-04-15T09:19:37+00:00\",\"breadcrumb\":{\"@id\":\"https:\/\/neoviaq.com\/de\/impressum\/nutzungsbedingungen\/#breadcrumb\"},\"inLanguage\":\"de\",\"potentialAction\":[{\"@type\":\"ReadAction\",\"target\":[\"https:\/\/neoviaq.com\/de\/impressum\/nutzungsbedingungen\/\"]}]},{\"@type\":\"BreadcrumbList\",\"@id\":\"https:\/\/neoviaq.com\/de\/impressum\/nutzungsbedingungen\/#breadcrumb\",\"itemListElement\":[{\"@type\":\"ListItem\",\"position\":1,\"name\":\"Startseite\",\"item\":\"https:\/\/neoviaq.com\/de\/\"},{\"@type\":\"ListItem\",\"position\":2,\"name\":\"Impressum\",\"item\":\"https:\/\/neoviaq.com\/de\/impressum\/\"},{\"@type\":\"ListItem\",\"position\":3,\"name\":\"Nutzungsbedingungen\"}]},{\"@type\":\"WebSite\",\"@id\":\"https:\/\/neoviaq.com\/de\/#website\",\"url\":\"https:\/\/neoviaq.com\/de\/\",\"name\":\"Neoviaq\",\"description\":\"Empower your business\",\"publisher\":{\"@id\":\"https:\/\/neoviaq.com\/de\/#organization\"},\"potentialAction\":[{\"@type\":\"SearchAction\",\"target\":{\"@type\":\"EntryPoint\",\"urlTemplate\":\"https:\/\/neoviaq.com\/de\/?s={search_term_string}\"},\"query-input\":{\"@type\":\"PropertyValueSpecification\",\"valueRequired\":true,\"valueName\":\"search_term_string\"}}],\"inLanguage\":\"de\"},{\"@type\":\"Organization\",\"@id\":\"https:\/\/neoviaq.com\/de\/#organization\",\"name\":\"Neoviaq\",\"url\":\"https:\/\/neoviaq.com\/de\/\",\"logo\":{\"@type\":\"ImageObject\",\"inLanguage\":\"de\",\"@id\":\"https:\/\/neoviaq.com\/de\/#\/schema\/logo\/image\/\",\"url\":\"https:\/\/neoviaq.com\/wp-content\/uploads\/2025\/04\/logo_neoviaq.jpg\",\"contentUrl\":\"https:\/\/neoviaq.com\/wp-content\/uploads\/2025\/04\/logo_neoviaq.jpg\",\"width\":269,\"height\":62,\"caption\":\"Neoviaq\"},\"image\":{\"@id\":\"https:\/\/neoviaq.com\/de\/#\/schema\/logo\/image\/\"},\"sameAs\":[\"https:\/\/www.facebook.com\/people\/Neoviaq\/100064263154884\/#\"]}]}<\/script>\n<!-- \/ Yoast SEO plugin. -->","yoast_head_json":{"title":"Nutzungsbedingungen - Neoviaq","robots":{"index":"noindex","follow":"nofollow"},"og_locale":"de_DE","og_type":"article","og_title":"Nutzungsbedingungen - Neoviaq","og_description":"Artikel 1: Gegenstand Zweck dieser Nutzungsbedingungen ist es, einen rechtlichen Rahmen f\u00fcr die Nutzung der Webseite durch den Nutzer zu schaffen. Vor der Nutzung der Webseite best\u00e4tigt der Nutzer, diese Nutzungsbedingungen gelesen und akzeptiert zu haben. Die Webseite wird durch die NEOVIAQ zur Verf\u00fcgung gestellt, um den Nutzer \u00fcber die verschiedenen Dienstleistungen und Aktivit\u00e4ten des [&hellip;]","og_url":"https:\/\/neoviaq.com\/de\/impressum\/nutzungsbedingungen\/","og_site_name":"Neoviaq","article_publisher":"https:\/\/www.facebook.com\/people\/Neoviaq\/100064263154884\/#","article_modified_time":"2025-04-15T09:19:37+00:00","twitter_card":"summary_large_image","twitter_misc":{"Gesch\u00e4tzte Lesezeit":"5\u00a0Minuten"},"schema":{"@context":"https:\/\/schema.org","@graph":[{"@type":"WebPage","@id":"https:\/\/neoviaq.com\/de\/impressum\/nutzungsbedingungen\/","url":"https:\/\/neoviaq.com\/de\/impressum\/nutzungsbedingungen\/","name":"Nutzungsbedingungen - Neoviaq","isPartOf":{"@id":"https:\/\/neoviaq.com\/de\/#website"},"datePublished":"2024-09-10T08:29:06+00:00","dateModified":"2025-04-15T09:19:37+00:00","breadcrumb":{"@id":"https:\/\/neoviaq.com\/de\/impressum\/nutzungsbedingungen\/#breadcrumb"},"inLanguage":"de","potentialAction":[{"@type":"ReadAction","target":["https:\/\/neoviaq.com\/de\/impressum\/nutzungsbedingungen\/"]}]},{"@type":"BreadcrumbList","@id":"https:\/\/neoviaq.com\/de\/impressum\/nutzungsbedingungen\/#breadcrumb","itemListElement":[{"@type":"ListItem","position":1,"name":"Startseite","item":"https:\/\/neoviaq.com\/de\/"},{"@type":"ListItem","position":2,"name":"Impressum","item":"https:\/\/neoviaq.com\/de\/impressum\/"},{"@type":"ListItem","position":3,"name":"Nutzungsbedingungen"}]},{"@type":"WebSite","@id":"https:\/\/neoviaq.com\/de\/#website","url":"https:\/\/neoviaq.com\/de\/","name":"Neoviaq","description":"Empower your business","publisher":{"@id":"https:\/\/neoviaq.com\/de\/#organization"},"potentialAction":[{"@type":"SearchAction","target":{"@type":"EntryPoint","urlTemplate":"https:\/\/neoviaq.com\/de\/?s={search_term_string}"},"query-input":{"@type":"PropertyValueSpecification","valueRequired":true,"valueName":"search_term_string"}}],"inLanguage":"de"},{"@type":"Organization","@id":"https:\/\/neoviaq.com\/de\/#organization","name":"Neoviaq","url":"https:\/\/neoviaq.com\/de\/","logo":{"@type":"ImageObject","inLanguage":"de","@id":"https:\/\/neoviaq.com\/de\/#\/schema\/logo\/image\/","url":"https:\/\/neoviaq.com\/wp-content\/uploads\/2025\/04\/logo_neoviaq.jpg","contentUrl":"https:\/\/neoviaq.com\/wp-content\/uploads\/2025\/04\/logo_neoviaq.jpg","width":269,"height":62,"caption":"Neoviaq"},"image":{"@id":"https:\/\/neoviaq.com\/de\/#\/schema\/logo\/image\/"},"sameAs":["https:\/\/www.facebook.com\/people\/Neoviaq\/100064263154884\/#"]}]}},"_links":{"self":[{"href":"https:\/\/neoviaq.com\/de\/wp-json\/wp\/v2\/pages\/2543","targetHints":{"allow":["GET"]}}],"collection":[{"href":"https:\/\/neoviaq.com\/de\/wp-json\/wp\/v2\/pages"}],"about":[{"href":"https:\/\/neoviaq.com\/de\/wp-json\/wp\/v2\/types\/page"}],"author":[{"embeddable":true,"href":"https:\/\/neoviaq.com\/de\/wp-json\/wp\/v2\/users\/4"}],"replies":[{"embeddable":true,"href":"https:\/\/neoviaq.com\/de\/wp-json\/wp\/v2\/comments?post=2543"}],"version-history":[{"count":4,"href":"https:\/\/neoviaq.com\/de\/wp-json\/wp\/v2\/pages\/2543\/revisions"}],"predecessor-version":[{"id":3093,"href":"https:\/\/neoviaq.com\/de\/wp-json\/wp\/v2\/pages\/2543\/revisions\/3093"}],"up":[{"embeddable":true,"href":"https:\/\/neoviaq.com\/de\/wp-json\/wp\/v2\/pages\/2548"}],"wp:attachment":[{"href":"https:\/\/neoviaq.com\/de\/wp-json\/wp\/v2\/media?parent=2543"}],"curies":[{"name":"wp","href":"https:\/\/api.w.org\/{rel}","templated":true}]}}