{"id":3334,"date":"2024-09-10T08:29:06","date_gmt":"2024-09-10T08:29:06","guid":{"rendered":"https:\/\/neoviaq.brillant.lu\/mentions-legales\/condition-dutilisation\/"},"modified":"2025-09-12T14:58:20","modified_gmt":"2025-09-12T14:58:20","slug":"condition-dutilisation","status":"publish","type":"page","link":"https:\/\/neoviaq.com\/en\/impressum\/condition-dutilisation\/","title":{"rendered":"Condition d&#8217;utilisation"},"content":{"rendered":"<h2>Article 1 : Objet et disclaimer<\/h2>\n<p>L\u2019objet des pr\u00e9sentes Conditions d\u2019utilisation est d\u2019encadrer juridiquement l\u2019utilisation duSite Web par l\u2019Utilisateur. Avant toute utilisation du SiteWeb, l\u2019Utilisateur confirme avoir lu et accept\u00e9 les pr\u00e9sentesConditions d\u2019utilisation. Le Site Web est mis en \u0153uvre par NEOVIAQ dans le but d\u2019informer l\u2019Utilisateur des diff\u00e9rents services et activit\u00e9s propos\u00e9s par le R\u00e9seau NEOVIAQ.<br \/>\nL\u2019Utilisateur trouvera sur le Site Web toutes les informations utiles relatives au R\u00e9seau NEOVIAQ et \u00e0 ses diff\u00e9rentes entit\u00e9s. L\u2019Utilisateur y trouvera \u00e9galement des billets d\u2019actualit\u00e9 et autres documents informatifs en lien avec lesservices propos\u00e9s par le R\u00e9seau NEOVIAQ.<br \/>\nNEOVIAQ n\u2019est pas responsable des \u00e9ventuels dommages directs ou indirects caus\u00e9s par l\u2019utilisation des informations contenues sur le Site Web. En effet, les informations fournies sur leSite Web ne constituent pas des conseils professionnels appropri\u00e9s et ne sont donc pas destin\u00e9es \u00e0 fournir des conseils avis\u00e9s sur des sujets particuliers. Par cons\u00e9quent, les diff\u00e9rentes informations fournies par le Site Web ne dispensent pas l\u2019Utilisateur d\u2019obtenir des conseils professionnels appropri\u00e9s.<\/p>\n<h2>Article 2 : D\u00e9finitions Pour l\u2019application des pr\u00e9sentes<\/h2>\n<p>Conditions d\u2019utilisation il y\u2019a lieu d\u2019entendre par :<br \/>\nSite Web : l\u2019ensemble des pages Web munies d\u2019un URL commen\u00e7antpar https:\/\/www.NEOVIAQ.R\u00e9seau NEOVIAQ ou NEOVIAQ : l\u2019ensemble des entreprises suivantes : NEOVIAQ FIDUCIARY, NEOVIAQ HR, NEOVIAQ ADVISORY,NEOVIAQ IP\/ICT. \u2022 Utilisateur : toute personne physique utilisant le Site Web ou l\u2019un des services propos\u00e9s par lesite.Contenu : les marques, les logos, les signes, les textes, les images, les photos, les illustrations, les fichiers audios, les fichiers d\u2019animation, les fichiers vid\u00e9o et tout autre contenu ainsi que leur disposition.<\/p>\n<h2>Article 3 : Acc\u00e8s aux services propos\u00e9s sur le Site Web<\/h2>\n<p>Le Site Web permet un acc\u00e8s gratuit aux services suivants : * Articles d\u2019information ; * Mise en relation de personnes ; * Acc\u00e8s aux \u00e9ventuelles offres d\u2019emploi propos\u00e9es par NEOVIAQ; * La publication sur des r\u00e9seaux sociaux d\u2019articles r\u00e9dig\u00e9s par NEOVIAQ ; * L\u2019acc\u00e8s \u00e0 la newsletter NEOVIAQ et aux informations diverses relatives au R\u00e9seau NEOVIAQ ; * La possibilit\u00e9 de s\u2019adresser directement \u00e0 un membre du R\u00e9seau NEOVIAQ.<\/p>\n<h2>Article 4 : Obligation de l\u2019Utilisateur<\/h2>\n<p>L\u2019acc\u00e8s aux services propos\u00e9s par le Site Web se fait par Internet.<br \/>\nNEOVIAQ assure au mieux la s\u00e9curit\u00e9 de son propre syst\u00e8me informatique. L\u2019Utilisateur d\u00e9clare en conna\u00eetre les risques etles accepter. Il doit se pr\u00e9munir contre les effets de la piraterie informatique en adoptant une configurationinformatique adapt\u00e9e et s\u00e9curis\u00e9e.<br \/>\nNEOVIAQ ne saurait \u00eatre tenu pour responsable d\u2019un quelconque dommage que l\u2019Utilisateur subirait directement ou indirectementen relation avec sa navigation sur le Site Web.<\/p>\n<h2>Article 5 : Propri\u00e9t\u00e9 intellectuelle<\/h2>\n<p>Sauf indication contraire, le contenudu Site Web est fourni par NEOVIAQ. Le Site Web et son Contenu sont prot\u00e9g\u00e9s par le droit d\u2019auteur, le droit des marques et toutes autres protections analogues. Le site Web contient en outre des photos soumises au copyright de tiers.<br \/>\nNEOVIAQ ne conc\u00e8de aucune licence d\u2019utilisation portant sur leContenu du Site Web et se r\u00e9serve tous les droits sur leContenu. L\u2019Utilisateur est tenu de solliciter l\u2019autorisation pr\u00e9alable de NEOVIAQ pour toute reproduction, publication, copie du Contenu. Une telle autorisation peut \u00eatre sollicit\u00e9e en envoyant un mail \u00e0 ip@neoviaq.eu . Toutefois, sil\u2019Utilisateur est invit\u00e9 par NEOVIAQ \u00e0 partager une information, par exemple via \u00e0 un r\u00e9seau social ou autre, le partage de cette information est alors express\u00e9ment autoris\u00e9 par NEOVIAQ.<br \/>\nEnfin, l\u2019Utilisateur s\u2019engage \u00e0 une utilisation du Contenu dans un cadre strictement priv\u00e9. Dans tous les cas, une utilisation du Contenu \u00e0 des fins commerciales est strictement interdite.<br \/>\nArticle 6 : Clause exon\u00e9ratoire de responsabilit\u00e9<br \/>\nAucune des informations publi\u00e9es sur le Site Web ou fournies par un membre du r\u00e9seau NEOVIAQ en r\u00e9ponse \u00e0 une demande individuelle n\u2019ont une vocation d\u2019exhaustivit\u00e9 ou constituent un engagement de la part de NEOVIAQ.<br \/>\nLes informations sont propos\u00e9es \u00e0 titre informatif et sont denature g\u00e9n\u00e9rale. Par cons\u00e9quent, les informations ne sont pas adapt\u00e9es \u00e0 des circonstances personnelles ou sp\u00e9cifiques, et nepeuvent donc pas \u00eatre consid\u00e9r\u00e9es comme des conseils personnels, professionnels ou juridiques destin\u00e9s \u00e0 l\u2019Utilisateur.<br \/>\nLe pr\u00e9sent site Web a \u00e9t\u00e9 r\u00e9alis\u00e9 avec un maximum de soins.Cependant, l\u2019\u00e9diteur responsable et le concepteur ne sauraient garantir l\u2019absence d\u2019erreurs et l\u2019exactitude des informations contenues. Ils d\u00e9clinent toute responsabilit\u00e9 pour tout dommage pouvant r\u00e9sulter directement ou indirectement de l\u2019usage duSite Web. En outre, NEOVIAQ n\u2019est pas responsable pour le contenu de \u00e9ventuels sites Web vers lesquels un lien est disponible.<\/p>\n<h2>Article 7 : Loi applicable et juridictions comp\u00e9tentes<\/h2>\n<p>Les pr\u00e9sentes Conditions d\u2019utilisation sont soumises au droit luxembourgeois.En cas d\u2019absence de r\u00e9solution amiable d\u2019un litige n\u00e9 entre l\u2019Utilisateur et NEOVIAQ, seuls les tribunaux du si\u00e8ge social de NEOVIAQ sont comp\u00e9tents. Le si\u00e8ge social se trouve \u00e0 :Gruuss-Strooss, 61 L-9991 Weiswampach Luxembourg<br \/>\nArticle 8 :Modification des Conditions d\u2019utilisationIl est possible que NEOVIAQ modifie les pr\u00e9sentes Conditions d\u2019utilisation. En raison, notamment, de modifications l\u00e9gislatives ou de l\u2019offre de nouveaux services. Afin que l\u2019Utilisateur reste inform\u00e9 de toute modification apport\u00e9e, NEOVIAQ modifiera la date de r\u00e9vision pr\u00e9sente en haut de page. Les nouvelles conditions d\u2019utilisation modifi\u00e9es et\/ou amend\u00e9es s\u2019appliqueront \u00e0 compter de cette date de modification. Par cons\u00e9quent, NEOVIAQ encourage l\u2019Utilisateur \u00e0 examiner p\u00e9riodiquement les pr\u00e9sentesConditions d\u2019utilisation afin de rester inform\u00e9 d\u2019\u00e9ventuels changements.<br \/>\nAfin d\u2019\u00eatre le plus transparent possible avec l\u2019Utilisateur, NEOVIAQ s\u2019engage \u00e9galement \u00e0 faire figurer, dans la partie \u00abactualit\u00e9 \u00bb du Site Web, tout changement important relatif aux pr\u00e9sentes Conditions d\u2019utilisation.<\/p>\n","protected":false},"excerpt":{"rendered":"<p>Article 1 : Objet et disclaimer L\u2019objet des pr\u00e9sentes Conditions d\u2019utilisation est d\u2019encadrer juridiquement l\u2019utilisation duSite Web par l\u2019Utilisateur. Avant toute utilisation du SiteWeb, l\u2019Utilisateur confirme avoir lu et accept\u00e9 les pr\u00e9sentesConditions d\u2019utilisation. Le Site Web est mis en \u0153uvre par NEOVIAQ dans le but d\u2019informer l\u2019Utilisateur des diff\u00e9rents services et activit\u00e9s propos\u00e9s par le [&hellip;]<\/p>\n","protected":false},"author":4,"featured_media":0,"parent":2202,"menu_order":74,"comment_status":"closed","ping_status":"closed","template":"template-lois.php","meta":{"_acf_changed":false,"footnotes":""},"class_list":["post-3334","page","type-page","status-publish","hentry"],"acf":[],"yoast_head":"<!-- This site is optimized with the Yoast SEO plugin v27.1.1 - https:\/\/yoast.com\/product\/yoast-seo-wordpress\/ -->\n<title>Condition d&#039;utilisation - Neoviaq<\/title>\n<meta name=\"robots\" content=\"noindex, nofollow\" \/>\n<meta property=\"og:locale\" content=\"en_US\" \/>\n<meta property=\"og:type\" content=\"article\" \/>\n<meta property=\"og:title\" content=\"Condition d&#039;utilisation - Neoviaq\" \/>\n<meta property=\"og:description\" content=\"Article 1 : Objet et disclaimer L\u2019objet des pr\u00e9sentes Conditions d\u2019utilisation est d\u2019encadrer juridiquement l\u2019utilisation duSite Web par l\u2019Utilisateur. Avant toute utilisation du SiteWeb, l\u2019Utilisateur confirme avoir lu et accept\u00e9 les pr\u00e9sentesConditions d\u2019utilisation. Le Site Web est mis en \u0153uvre par NEOVIAQ dans le but d\u2019informer l\u2019Utilisateur des diff\u00e9rents services et activit\u00e9s propos\u00e9s par le [&hellip;]\" \/>\n<meta property=\"og:url\" content=\"https:\/\/neoviaq.com\/en\/impressum\/condition-dutilisation\/\" \/>\n<meta property=\"og:site_name\" content=\"Neoviaq\" \/>\n<meta property=\"article:publisher\" content=\"https:\/\/www.facebook.com\/people\/Neoviaq\/100064263154884\/#\" \/>\n<meta property=\"article:modified_time\" content=\"2025-09-12T14:58:20+00:00\" \/>\n<meta name=\"twitter:card\" content=\"summary_large_image\" \/>\n<meta name=\"twitter:label1\" content=\"Est. reading time\" \/>\n\t<meta name=\"twitter:data1\" content=\"5 minutes\" \/>\n<script type=\"application\/ld+json\" class=\"yoast-schema-graph\">{\"@context\":\"https:\/\/schema.org\",\"@graph\":[{\"@type\":\"WebPage\",\"@id\":\"https:\/\/neoviaq.com\/en\/impressum\/condition-dutilisation\/\",\"url\":\"https:\/\/neoviaq.com\/en\/impressum\/condition-dutilisation\/\",\"name\":\"Condition d'utilisation - Neoviaq\",\"isPartOf\":{\"@id\":\"https:\/\/neoviaq.com\/en\/#website\"},\"datePublished\":\"2024-09-10T08:29:06+00:00\",\"dateModified\":\"2025-09-12T14:58:20+00:00\",\"breadcrumb\":{\"@id\":\"https:\/\/neoviaq.com\/en\/impressum\/condition-dutilisation\/#breadcrumb\"},\"inLanguage\":\"en-US\",\"potentialAction\":[{\"@type\":\"ReadAction\",\"target\":[\"https:\/\/neoviaq.com\/en\/impressum\/condition-dutilisation\/\"]}]},{\"@type\":\"BreadcrumbList\",\"@id\":\"https:\/\/neoviaq.com\/en\/impressum\/condition-dutilisation\/#breadcrumb\",\"itemListElement\":[{\"@type\":\"ListItem\",\"position\":1,\"name\":\"Home\",\"item\":\"https:\/\/neoviaq.com\/en\/\"},{\"@type\":\"ListItem\",\"position\":2,\"name\":\"Impressum\",\"item\":\"https:\/\/neoviaq.com\/en\/impressum\/\"},{\"@type\":\"ListItem\",\"position\":3,\"name\":\"Condition d&rsquo;utilisation\"}]},{\"@type\":\"WebSite\",\"@id\":\"https:\/\/neoviaq.com\/en\/#website\",\"url\":\"https:\/\/neoviaq.com\/en\/\",\"name\":\"Neoviaq\",\"description\":\"Empower your business\",\"publisher\":{\"@id\":\"https:\/\/neoviaq.com\/en\/#organization\"},\"potentialAction\":[{\"@type\":\"SearchAction\",\"target\":{\"@type\":\"EntryPoint\",\"urlTemplate\":\"https:\/\/neoviaq.com\/en\/?s={search_term_string}\"},\"query-input\":{\"@type\":\"PropertyValueSpecification\",\"valueRequired\":true,\"valueName\":\"search_term_string\"}}],\"inLanguage\":\"en-US\"},{\"@type\":\"Organization\",\"@id\":\"https:\/\/neoviaq.com\/en\/#organization\",\"name\":\"Neoviaq\",\"url\":\"https:\/\/neoviaq.com\/en\/\",\"logo\":{\"@type\":\"ImageObject\",\"inLanguage\":\"en-US\",\"@id\":\"https:\/\/neoviaq.com\/en\/#\/schema\/logo\/image\/\",\"url\":\"https:\/\/neoviaq.com\/wp-content\/uploads\/2025\/04\/logo_neoviaq.jpg\",\"contentUrl\":\"https:\/\/neoviaq.com\/wp-content\/uploads\/2025\/04\/logo_neoviaq.jpg\",\"width\":269,\"height\":62,\"caption\":\"Neoviaq\"},\"image\":{\"@id\":\"https:\/\/neoviaq.com\/en\/#\/schema\/logo\/image\/\"},\"sameAs\":[\"https:\/\/www.facebook.com\/people\/Neoviaq\/100064263154884\/#\"]}]}<\/script>\n<!-- \/ Yoast SEO plugin. -->","yoast_head_json":{"title":"Condition d'utilisation - Neoviaq","robots":{"index":"noindex","follow":"nofollow"},"og_locale":"en_US","og_type":"article","og_title":"Condition d'utilisation - Neoviaq","og_description":"Article 1 : Objet et disclaimer L\u2019objet des pr\u00e9sentes Conditions d\u2019utilisation est d\u2019encadrer juridiquement l\u2019utilisation duSite Web par l\u2019Utilisateur. Avant toute utilisation du SiteWeb, l\u2019Utilisateur confirme avoir lu et accept\u00e9 les pr\u00e9sentesConditions d\u2019utilisation. Le Site Web est mis en \u0153uvre par NEOVIAQ dans le but d\u2019informer l\u2019Utilisateur des diff\u00e9rents services et activit\u00e9s propos\u00e9s par le [&hellip;]","og_url":"https:\/\/neoviaq.com\/en\/impressum\/condition-dutilisation\/","og_site_name":"Neoviaq","article_publisher":"https:\/\/www.facebook.com\/people\/Neoviaq\/100064263154884\/#","article_modified_time":"2025-09-12T14:58:20+00:00","twitter_card":"summary_large_image","twitter_misc":{"Est. reading time":"5 minutes"},"schema":{"@context":"https:\/\/schema.org","@graph":[{"@type":"WebPage","@id":"https:\/\/neoviaq.com\/en\/impressum\/condition-dutilisation\/","url":"https:\/\/neoviaq.com\/en\/impressum\/condition-dutilisation\/","name":"Condition d'utilisation - Neoviaq","isPartOf":{"@id":"https:\/\/neoviaq.com\/en\/#website"},"datePublished":"2024-09-10T08:29:06+00:00","dateModified":"2025-09-12T14:58:20+00:00","breadcrumb":{"@id":"https:\/\/neoviaq.com\/en\/impressum\/condition-dutilisation\/#breadcrumb"},"inLanguage":"en-US","potentialAction":[{"@type":"ReadAction","target":["https:\/\/neoviaq.com\/en\/impressum\/condition-dutilisation\/"]}]},{"@type":"BreadcrumbList","@id":"https:\/\/neoviaq.com\/en\/impressum\/condition-dutilisation\/#breadcrumb","itemListElement":[{"@type":"ListItem","position":1,"name":"Home","item":"https:\/\/neoviaq.com\/en\/"},{"@type":"ListItem","position":2,"name":"Impressum","item":"https:\/\/neoviaq.com\/en\/impressum\/"},{"@type":"ListItem","position":3,"name":"Condition d&rsquo;utilisation"}]},{"@type":"WebSite","@id":"https:\/\/neoviaq.com\/en\/#website","url":"https:\/\/neoviaq.com\/en\/","name":"Neoviaq","description":"Empower your business","publisher":{"@id":"https:\/\/neoviaq.com\/en\/#organization"},"potentialAction":[{"@type":"SearchAction","target":{"@type":"EntryPoint","urlTemplate":"https:\/\/neoviaq.com\/en\/?s={search_term_string}"},"query-input":{"@type":"PropertyValueSpecification","valueRequired":true,"valueName":"search_term_string"}}],"inLanguage":"en-US"},{"@type":"Organization","@id":"https:\/\/neoviaq.com\/en\/#organization","name":"Neoviaq","url":"https:\/\/neoviaq.com\/en\/","logo":{"@type":"ImageObject","inLanguage":"en-US","@id":"https:\/\/neoviaq.com\/en\/#\/schema\/logo\/image\/","url":"https:\/\/neoviaq.com\/wp-content\/uploads\/2025\/04\/logo_neoviaq.jpg","contentUrl":"https:\/\/neoviaq.com\/wp-content\/uploads\/2025\/04\/logo_neoviaq.jpg","width":269,"height":62,"caption":"Neoviaq"},"image":{"@id":"https:\/\/neoviaq.com\/en\/#\/schema\/logo\/image\/"},"sameAs":["https:\/\/www.facebook.com\/people\/Neoviaq\/100064263154884\/#"]}]}},"_links":{"self":[{"href":"https:\/\/neoviaq.com\/en\/wp-json\/wp\/v2\/pages\/3334","targetHints":{"allow":["GET"]}}],"collection":[{"href":"https:\/\/neoviaq.com\/en\/wp-json\/wp\/v2\/pages"}],"about":[{"href":"https:\/\/neoviaq.com\/en\/wp-json\/wp\/v2\/types\/page"}],"author":[{"embeddable":true,"href":"https:\/\/neoviaq.com\/en\/wp-json\/wp\/v2\/users\/4"}],"replies":[{"embeddable":true,"href":"https:\/\/neoviaq.com\/en\/wp-json\/wp\/v2\/comments?post=3334"}],"version-history":[{"count":6,"href":"https:\/\/neoviaq.com\/en\/wp-json\/wp\/v2\/pages\/3334\/revisions"}],"predecessor-version":[{"id":4939,"href":"https:\/\/neoviaq.com\/en\/wp-json\/wp\/v2\/pages\/3334\/revisions\/4939"}],"up":[{"embeddable":true,"href":"https:\/\/neoviaq.com\/en\/wp-json\/wp\/v2\/pages\/2202"}],"wp:attachment":[{"href":"https:\/\/neoviaq.com\/en\/wp-json\/wp\/v2\/media?parent=3334"}],"curies":[{"name":"wp","href":"https:\/\/api.w.org\/{rel}","templated":true}]}}